{"id":33,"date":"2020-05-20T19:03:14","date_gmt":"2020-05-20T19:03:14","guid":{"rendered":"http:\/\/test.rls-ingenieure.com\/?page_id=33"},"modified":"2022-10-26T17:37:10","modified_gmt":"2022-10-26T17:37:10","slug":"colibri-wp","status":"publish","type":"page","link":"https:\/\/www.rls-ingenieure.com\/","title":{"rendered":"Front Page"},"content":{"rendered":"<div data-colibri-id=\"33-c1\" class=\"style-189 style-local-33-c1 position-relative\">\n  <!---->\n  <div data-colibri-component=\"section\" data-colibri-id=\"33-c2\" id=\"team\" class=\"h-section h-section-global-spacing d-flex align-items-lg-center align-items-md-center align-items-center style-316 style-local-33-c2 position-relative\">\n    <!---->\n    <!---->\n    <div class=\"h-section-grid-container h-section-boxed-container\">\n      <div data-colibri-id=\"33-c16\" class=\"h-row-container gutters-row-lg-2 gutters-row-md-2 gutters-row-0 gutters-row-v-lg-2 gutters-row-v-md-2 gutters-row-v-2 style-330 style-local-33-c16 position-relative\">\n        <!---->\n        <div class=\"h-row justify-content-lg-center justify-content-md-center justify-content-center align-items-lg-stretch align-items-md-stretch align-items-stretch gutters-col-lg-2 gutters-col-md-2 gutters-col-0 gutters-col-v-lg-2 gutters-col-v-md-2 gutters-col-v-2\">\n          <!---->\n          <div class=\"h-column h-column-container d-flex h-col-lg-auto h-col-md-auto h-col-auto style-331-outer style-local-33-c17-outer\">\n            <div data-colibri-id=\"33-c17\" class=\"d-flex h-flex-basis h-column__inner h-px-lg-2 h-px-md-2 h-px-2 v-inner-lg-2 v-inner-md-2 v-inner-2 style-331 style-local-33-c17 position-relative\">\n              <!---->\n              <!---->\n              <div class=\"w-100 h-y-container h-column__content h-column__v-align flex-basis-100 align-self-lg-start align-self-md-start align-self-start\">\n                <!---->\n                <div data-colibri-id=\"33-c18\" class=\"h-global-transition-all h-heading style-332 style-local-33-c18 position-relative h-element\">\n                  <!---->\n                  <div class=\"h-heading__outer style-332 style-local-33-c18\">\n                    <!---->\n                    <!---->\n                    <h2 class=\"\">Unser Team<\/h2>\n                  <\/div>\n                <\/div>\n                <div data-colibri-id=\"33-c19\" class=\"h-lead h-text h-text-component style-333 style-local-33-c19 position-relative h-element\">\n                  <!---->\n                  <!---->\n                  <div class=\"\">\n                    <p>Wir pr\u00fcfen f\u00fcr Ihre Sicherheit.<\/p>\n                  <\/div>\n                <\/div>\n              <\/div>\n            <\/div>\n          <\/div>\n        <\/div>\n      <\/div>\n      <div data-colibri-id=\"33-c3\" class=\"h-row-container gutters-row-lg-2 gutters-row-md-2 gutters-row-0 gutters-row-v-lg-2 gutters-row-v-md-2 gutters-row-v-2 style-317 style-local-33-c3 position-relative\">\n        <!---->\n        <div class=\"h-row justify-content-lg-center justify-content-md-center justify-content-center align-items-lg-stretch align-items-md-stretch align-items-stretch gutters-col-lg-2 gutters-col-md-2 gutters-col-0 gutters-col-v-lg-2 gutters-col-v-md-2 gutters-col-v-2\">\n          <!---->\n          <div class=\"h-column h-column-container d-flex h-col-lg-6 h-col-md-6 h-col-12 style-318-outer style-local-33-c4-outer\">\n            <div data-colibri-id=\"33-c4\" class=\"d-flex h-flex-basis h-column__inner h-px-lg-0 h-px-md-0 h-px-0 v-inner-lg-0 v-inner-md-0 v-inner-0 style-318 style-local-33-c4 position-relative\">\n              <!---->\n              <!---->\n              <div class=\"w-100 h-y-container h-column__content h-column__v-align flex-basis-100 align-self-lg-start align-self-md-start align-self-start\">\n                <!---->\n                <div data-colibri-id=\"33-c5\" class=\"h-global-transition-all h-heading style-320 style-local-33-c5 position-relative h-element\">\n                  <!---->\n                  <div class=\"h-heading__outer style-320 style-local-33-c5\">\n                    <!---->\n                    <!---->\n                    <h4 class=\"\">Dipl.-Ing. (FH) Jochen Lauterbach<\/h4>\n                  <\/div>\n                <\/div>\n                <div data-colibri-id=\"33-c6\" class=\"h-text h-text-component style-321 style-local-33-c6 position-relative h-element\">\n                  <!---->\n                  <!---->\n                  <div class=\"\">\n                    <p>Pr\u00fcfsachverst\u00e4ndiger<\/p>\n                    <p>VdS-anerkannter Sachverst\u00e4ndiger (ES21409)<\/p>\n                    <p>Fachkraft f\u00fcr Rufanlagen, Sachkunde nach DIN VDE 0834<\/p>\n                    <p>Freiwilliges Mitglied Bayerische Ingenieurekammer-Bau&nbsp;<\/p>\n                  <\/div>\n                <\/div>\n                <div data-colibri-id=\"33-c7\" class=\"h-text h-text-component style-322 style-local-33-c7 position-relative h-element\">\n                  <!---->\n                  <!---->\n                  <div class=\"\">\n                    <p>Mobil: 0160 1565991<\/p>\n                    <p>E-Mail: jochen.lauterbach@rls-ingenieure.de<\/p>\n                  <\/div>\n                <\/div>\n              <\/div>\n            <\/div>\n          <\/div>\n          <div class=\"h-column h-column-container d-flex h-col-lg-6 h-col-md-6 h-col-12 style-318-outer style-local-33-c8-outer\">\n            <div data-colibri-id=\"33-c8\" class=\"d-flex h-flex-basis h-column__inner h-px-lg-0 h-px-md-0 h-px-0 v-inner-lg-0 v-inner-md-0 v-inner-0 style-318 style-local-33-c8 position-relative\">\n              <!---->\n              <!---->\n              <div class=\"w-100 h-y-container h-column__content h-column__v-align flex-basis-100 align-self-lg-start align-self-md-start align-self-start\">\n                <!---->\n                <div data-colibri-id=\"33-c9\" class=\"h-global-transition-all h-heading style-320 style-local-33-c9 position-relative h-element\">\n                  <!---->\n                  <div class=\"h-heading__outer style-320 style-local-33-c9\">\n                    <!---->\n                    <!---->\n                    <h4 class=\"\">Julian R\u00fchr, B. Eng.<\/h4>\n                  <\/div>\n                <\/div>\n                <div data-colibri-id=\"33-c10\" class=\"h-text h-text-component style-321 style-local-33-c10 position-relative h-element\">\n                  <!---->\n                  <!---->\n                  <div class=\"\">\n                    <p><em>Pr\u00fcfsachverst\u00e4ndiger<\/em><\/p>\n                    <p><em>VdS-anerkannter Sachverst\u00e4ndiger (ES21831)<\/em><\/p>\n                    <p><em>Sachkundiger f\u00fcr Notausg\u00e4nge und Fluchtwegsicherungen<\/em><\/p>\n                    <p><em style=\"font-size: 16px; font-family: &quot;Open Sans&quot;; color: rgb(64, 85, 169);\"><span class=\"ql-cursor\">\ufeff<\/span>Freiwilliges Mitglied Bayerische Ingenieurekammer-Bau&nbsp;<\/em><\/p>\n                  <\/div>\n                <\/div>\n                <div data-colibri-id=\"33-c11\" class=\"h-text h-text-component style-322 style-local-33-c11 position-relative h-element\">\n                  <!---->\n                  <!---->\n                  <div class=\"\">\n                    <p>Mobil: 0160 95581496\u202c\u202c<\/p>\n                    <p>E-Mail: julian.ruehr@rls-ingenieure.de<\/p>\n                  <\/div>\n                <\/div>\n              <\/div>\n            <\/div>\n          <\/div>\n          <div class=\"h-column h-column-container d-flex h-col-lg-6 h-col-md-6 h-col-12 style-318-outer style-local-33-c12-outer\">\n            <div data-colibri-id=\"33-c12\" class=\"d-flex h-flex-basis h-column__inner h-px-lg-0 h-px-md-0 h-px-0 v-inner-lg-0 v-inner-md-0 v-inner-0 style-318 style-local-33-c12 position-relative\">\n              <!---->\n              <!---->\n              <div class=\"w-100 h-y-container h-column__content h-column__v-align flex-basis-100 align-self-lg-start align-self-md-start align-self-start\">\n                <!---->\n                <div data-colibri-id=\"33-c13\" class=\"d-block style-390 style-local-33-c13 position-relative h-element\">\n                  <!---->\n                  <div class=\"h-image__frame-container-outer\">\n                    <div class=\"h-image__frame-container\">\n                      <!---->\n                      <!---->\n                      <img loading=\"lazy\" decoding=\"async\" width=\"230\" height=\"100\" src=\"http:\/\/test.rls-ingenieure.com\/wp-content\/uploads\/2020\/05\/180611_VDS-Lang_Sachverstaendiger_Elektrische_Anlagen_rgb_72-e1590043465227.png\" class=\"wp-image-196 style-390-image style-local-33-c13-image\" alt=\"\" \/>\n                      <div class=\"h-image__frame h-hide-lg h-hide-md h-hide-sm style-390-frameImage style-local-33-c13-frameImage\"><\/div>\n                    <\/div>\n                  <\/div>\n                <\/div>\n              <\/div>\n            <\/div>\n          <\/div>\n          <div class=\"h-column h-column-container d-flex h-col-lg-6 h-col-md-6 h-col-12 style-318-outer style-local-33-c14-outer\">\n            <div data-colibri-id=\"33-c14\" class=\"d-flex h-flex-basis h-column__inner h-px-lg-0 h-px-md-0 h-px-0 v-inner-lg-0 v-inner-md-0 v-inner-0 style-318 style-local-33-c14 position-relative\">\n              <!---->\n              <!---->\n              <div class=\"w-100 h-y-container h-column__content h-column__v-align flex-basis-100 align-self-lg-start align-self-md-start align-self-start\">\n                <!---->\n                <div data-colibri-id=\"33-c15\" class=\"d-block style-391 style-local-33-c15 position-relative h-element\">\n                  <!---->\n                  <div class=\"h-image__frame-container-outer\">\n                    <div class=\"h-image__frame-container\">\n                      <!---->\n                      <!---->\n                      <img loading=\"lazy\" decoding=\"async\" width=\"230\" height=\"100\" src=\"http:\/\/test.rls-ingenieure.com\/wp-content\/uploads\/2020\/05\/180611_VDS-Lang_Sachverstaendiger_Elektrische_Anlagen_rgb_72-e1590043465227.png\" class=\"wp-image-196 style-391-image style-local-33-c15-image\" alt=\"\" \/>\n                      <div class=\"h-image__frame h-hide-lg h-hide-md h-hide-sm style-391-frameImage style-local-33-c15-frameImage\"><\/div>\n                    <\/div>\n                  <\/div>\n                <\/div>\n              <\/div>\n            <\/div>\n          <\/div>\n        <\/div>\n      <\/div>\n    <\/div>\n  <\/div>\n  <div data-colibri-component=\"section\" data-colibri-id=\"33-c20\" id=\"portfolio\" class=\"h-section h-section-global-spacing d-flex align-items-lg-center align-items-md-center align-items-center style-393 style-local-33-c20 position-relative\">\n    <!---->\n    <!---->\n    <div class=\"h-section-grid-container h-section-boxed-container\">\n      <div data-colibri-id=\"33-c24\" class=\"h-row-container gutters-row-lg-2 gutters-row-md-2 gutters-row-2 gutters-row-v-lg-2 gutters-row-v-md-2 gutters-row-v-2 style-416 style-local-33-c24 position-relative\">\n        <!---->\n        <div class=\"h-row justify-content-lg-center justify-content-md-center justify-content-center align-items-lg-stretch align-items-md-stretch align-items-stretch gutters-col-lg-2 gutters-col-md-2 gutters-col-2 gutters-col-v-lg-2 gutters-col-v-md-2 gutters-col-v-2\">\n          <!---->\n          <div class=\"h-column h-column-container d-flex h-col-lg-auto h-col-md-auto h-col-auto style-417-outer style-local-33-c25-outer\">\n            <div data-colibri-id=\"33-c25\" class=\"d-flex h-flex-basis h-column__inner h-px-lg-2 h-px-md-2 h-px-2 v-inner-lg-2 v-inner-md-2 v-inner-2 style-417 style-local-33-c25 position-relative\">\n              <!---->\n              <!---->\n              <div class=\"w-100 h-y-container h-column__content h-column__v-align flex-basis-100 align-self-lg-start align-self-md-start align-self-start\">\n                <!---->\n                <div data-colibri-id=\"33-c26\" class=\"h-global-transition-all h-heading style-418 style-local-33-c26 position-relative h-element\">\n                  <!---->\n                  <div class=\"h-heading__outer style-418 style-local-33-c26\">\n                    <!---->\n                    <!---->\n                    <h2 class=\"\">Unser Know-how<\/h2>\n                  <\/div>\n                <\/div>\n                <div data-colibri-id=\"33-c27\" class=\"h-lead h-text h-text-component style-419 style-local-33-c27 position-relative h-element\">\n                  <!---->\n                  <!---->\n                  <div class=\"\">\n                    <p>Pr\u00fcfungen im Rahmen der bauordnungsrechtlichen Vorgaben f\u00fcr sicherheitstechnische Anlagen und Einrichtungen.\n                      <br>Dies betrifft speziell Brandmeldeanlagen, Alarmierungsanlagen, Sicherheitsbeleuchtungsanlagen und Sicherheitsstromversorgungen. Weiterhin werden allgemeine Pr\u00fcfungen elektrischer Anlagen und Einrichtungen auf Einhaltung der jeweils\n                      g\u00fcltigen Normen und Richtlinien durchgef\u00fchrt und die Anlagen beurteilt.\n                      <br>Der Bereich Blitzschutzanlagen deckt die Pr\u00fcfung und Beurteilung der Anlagen und die Erstellung von Blitzschutzkonzepten ab.<\/p>\n                    <p>\n                      <br>\n                    <\/p>\n                  <\/div>\n                <\/div>\n              <\/div>\n            <\/div>\n          <\/div>\n        <\/div>\n      <\/div>\n      <div data-colibri-id=\"33-c21\" class=\"h-row-container gutters-row-lg-0 gutters-row-md-0 gutters-row-2 gutters-row-v-lg-0 gutters-row-v-md-0 gutters-row-v-0 style-394 style-local-33-c21 position-relative\">\n        <!---->\n        <div class=\"h-row justify-content-lg-center justify-content-md-center justify-content-center align-items-lg-stretch align-items-md-stretch align-items-stretch gutters-col-lg-0 gutters-col-md-0 gutters-col-2 gutters-col-v-lg-0 gutters-col-v-md-0 gutters-col-v-0\">\n          <!---->\n          <div class=\"h-column h-column-container d-flex h-col-lg-2 h-col-md-6 h-col-12 style-395-outer style-local-33-c22-outer\">\n            <div data-colibri-id=\"33-c22\" class=\"d-flex h-flex-basis h-column__inner h-px-lg-0 h-px-md-0 h-px-0 v-inner-lg-0 v-inner-md-0 v-inner-0 style-395 style-local-33-c22 position-relative\">\n              <!---->\n              <!---->\n              <div class=\"w-100 h-y-container h-column__content h-column__v-align flex-basis-100 align-self-lg-start align-self-md-start align-self-start\">\n                <!---->\n                <div data-colibri-id=\"33-c23\" class=\"style-452 style-local-33-c23 position-relative h-element\">\n                  <!---->\n                <\/div>\n              <\/div>\n            <\/div>\n          <\/div>\n        <\/div>\n      <\/div>\n    <\/div>\n  <\/div>\n  <div data-colibri-component=\"section\" data-colibri-id=\"33-c28\" id=\"contact\" class=\"h-section h-section-global-spacing d-flex align-items-lg-center align-items-md-center align-items-center style-359 style-local-33-c28 position-relative\">\n    <div class=\"background-wrapper\">\n      <div class=\"background-layer background-layer-media-container-lg\">\n        <!---->\n        <div class=\"overlay-layer\">\n          <div class=\"overlay-image-layer\" style=\"background-color: rgb(32, 42, 84); opacity: 0.5;\"><\/div>\n        <\/div>\n      <\/div>\n      <div class=\"background-layer background-layer-media-container-md\">\n        <!---->\n        <div class=\"overlay-layer\">\n          <div class=\"overlay-image-layer\" style=\"background-color: rgb(32, 42, 84); opacity: 0.5;\"><\/div>\n        <\/div>\n      <\/div>\n      <div class=\"background-layer background-layer-media-container\">\n        <!---->\n        <div class=\"overlay-layer\">\n          <div class=\"overlay-image-layer\" style=\"background-color: rgb(32, 42, 84); opacity: 0.5;\"><\/div>\n        <\/div>\n      <\/div>\n    <\/div>\n    <!---->\n    <div class=\"h-section-grid-container h-section-boxed-container\">\n      <!---->\n      <div data-colibri-id=\"33-c29\" class=\"h-row-container gutters-row-lg-2 gutters-row-md-2 gutters-row-2 gutters-row-v-lg-2 gutters-row-v-md-2 gutters-row-v-2 style-360 style-local-33-c29 position-relative\">\n        <!---->\n        <div class=\"h-row justify-content-lg-center justify-content-md-center justify-content-center align-items-lg-stretch align-items-md-stretch align-items-stretch gutters-col-lg-2 gutters-col-md-2 gutters-col-2 gutters-col-v-lg-2 gutters-col-v-md-2 gutters-col-v-2\">\n          <!---->\n          <div class=\"h-column h-column-container d-flex h-col-lg-auto h-col-md-auto h-col-auto style-361-outer style-local-33-c30-outer\">\n            <div data-colibri-id=\"33-c30\" class=\"d-flex h-flex-basis h-column__inner h-px-lg-0 h-px-md-0 h-px-0 v-inner-lg-0 v-inner-md-0 v-inner-0 style-361 style-local-33-c30 position-relative\">\n              <!---->\n              <!---->\n              <div class=\"w-100 h-y-container h-column__content h-column__v-align flex-basis-100 align-self-lg-start align-self-md-start align-self-start\">\n                <!---->\n                <div data-colibri-id=\"33-c31\" class=\"h-row-container gutters-row-lg-0 gutters-row-md-0 gutters-row-0 gutters-row-v-lg-0 gutters-row-v-md-0 gutters-row-v-0 style-362 style-local-33-c31 position-relative\">\n                  <!---->\n                  <div class=\"h-row justify-content-lg-center justify-content-md-center justify-content-center align-items-lg-stretch align-items-md-stretch align-items-stretch gutters-col-lg-0 gutters-col-md-0 gutters-col-0 gutters-col-v-lg-0 gutters-col-v-md-0 gutters-col-v-0\">\n                    <!---->\n                    <div class=\"h-column h-column-container d-flex h-col-lg-auto h-col-md-auto h-col-auto style-368-outer style-local-33-c32-outer\">\n                      <div data-colibri-id=\"33-c32\" class=\"d-flex h-flex-basis h-column__inner h-px-lg-0 h-px-md-0 h-px-0 v-inner-lg-0 v-inner-md-0 v-inner-0 style-368 style-local-33-c32 position-relative\">\n                        <!---->\n                        <!---->\n                        <div class=\"w-100 h-y-container h-column__content h-column__v-align flex-basis-100 align-self-lg-center align-self-md-center align-self-center\">\n                          <!---->\n                          <div data-colibri-id=\"33-c33\" class=\"h-text h-text-component style-370 style-local-33-c33 position-relative h-element\">\n                            <!---->\n                            <!---->\n                            <div class=\"\">\n                              <p>So erreichen Sie uns:<\/p>\n                              <p>rls ingenieure GmbH<\/p>\n                              <p>Bergstra\u00dfe 20<\/p>\n                              <p>95367 Trebgast<\/p>\n                              <p>E-Mail: info@rls-ingenieure.de<\/p>\n                              <p>Fax: 09227 9729565<\/p>\n                            <\/div>\n                          <\/div>\n                        <\/div>\n                      <\/div>\n                    <\/div>\n                  <\/div>\n                <\/div>\n              <\/div>\n            <\/div>\n          <\/div>\n        <\/div>\n      <\/div>\n    <\/div>\n  <\/div>\n<\/div>","protected":false},"excerpt":{"rendered":"<p>Unser Team Wir pr\u00fcfen f\u00fcr Ihre Sicherheit. Dipl.-Ing. (FH) Jochen Lauterbach Pr\u00fcfsachverst\u00e4ndiger VdS-anerkannter Sachverst\u00e4ndiger (ES21409) Fachkraft f\u00fcr Rufanlagen, Sachkunde nach DIN VDE 0834 Freiwilliges Mitglied Bayerische Ingenieurekammer-Bau&nbsp; Mobil: 0160 1565991 E-Mail: jochen.lauterbach@rls-ingenieure.de Julian R\u00fchr, B. Eng. Pr\u00fcfsachverst\u00e4ndiger VdS-anerkannter Sachverst\u00e4ndiger (ES21831) Sachkundiger f\u00fcr Notausg\u00e4nge und Fluchtwegsicherungen \ufeffFreiwilliges Mitglied Bayerische Ingenieurekammer-Bau&nbsp; Mobil: 0160 95581496\u202c\u202c E-Mail: julian.ruehr@rls-ingenieure.de Unser [&hellip;]<\/p>\n","protected":false},"author":1,"featured_media":0,"parent":0,"menu_order":0,"comment_status":"closed","ping_status":"closed","template":"page-templates\/homepage.php","meta":{"footnotes":""},"class_list":["post-33","page","type-page","status-publish","hentry"],"_links":{"self":[{"href":"https:\/\/www.rls-ingenieure.com\/index.php?rest_route=\/wp\/v2\/pages\/33","targetHints":{"allow":["GET"]}}],"collection":[{"href":"https:\/\/www.rls-ingenieure.com\/index.php?rest_route=\/wp\/v2\/pages"}],"about":[{"href":"https:\/\/www.rls-ingenieure.com\/index.php?rest_route=\/wp\/v2\/types\/page"}],"author":[{"embeddable":true,"href":"https:\/\/www.rls-ingenieure.com\/index.php?rest_route=\/wp\/v2\/users\/1"}],"replies":[{"embeddable":true,"href":"https:\/\/www.rls-ingenieure.com\/index.php?rest_route=%2Fwp%2Fv2%2Fcomments&post=33"}],"version-history":[{"count":20,"href":"https:\/\/www.rls-ingenieure.com\/index.php?rest_route=\/wp\/v2\/pages\/33\/revisions"}],"predecessor-version":[{"id":592,"href":"https:\/\/www.rls-ingenieure.com\/index.php?rest_route=\/wp\/v2\/pages\/33\/revisions\/592"}],"wp:attachment":[{"href":"https:\/\/www.rls-ingenieure.com\/index.php?rest_route=%2Fwp%2Fv2%2Fmedia&parent=33"}],"curies":[{"name":"wp","href":"https:\/\/api.w.org\/{rel}","templated":true}]}}