{"id":53,"date":"2020-05-20T19:07:29","date_gmt":"2020-05-20T19:07:29","guid":{"rendered":"http:\/\/test.rls-ingenieure.com\/?page_id=53"},"modified":"2020-05-20T19:07:29","modified_gmt":"2020-05-20T19:07:29","slug":"impressum","status":"publish","type":"page","link":"https:\/\/www.rls-ingenieure.com\/?page_id=53","title":{"rendered":"Impressum"},"content":{"rendered":"<p>rls ingenieure GmbH<br \/>Gesch\u00e4ftsf\u00fchrer: Jochen Lauterbach, Julian R\u00fchr<br \/>Bergstra\u00dfe 20<br \/>95367 Trebgast<br \/>Deutschland<br \/>Email: <a href=\"mailto:info@rls-ingenieure.de\">info@rls-ingenieure.de<\/a><br \/>Telefon: 09227 9729564<br \/>Gesellschafter: Jochen Lauterbach, Julian R\u00fchr<br \/>Registergericht &amp; Registernummer: Amtsgericht Bayreuth HRB 7162<br \/>Umsatzsteuer-Identifikationsnummer: DE815868526<\/p>\n<p>Verantwortlich f\u00fcr den Inhalt: Jochen Lauterbach, Julian R\u00fchr<\/p>\n\n","protected":false},"excerpt":{"rendered":"","protected":false},"author":1,"featured_media":0,"parent":0,"menu_order":0,"comment_status":"closed","ping_status":"closed","template":"","meta":{"footnotes":""},"class_list":["post-53","page","type-page","status-publish","hentry"],"_links":{"self":[{"href":"https:\/\/www.rls-ingenieure.com\/index.php?rest_route=\/wp\/v2\/pages\/53","targetHints":{"allow":["GET"]}}],"collection":[{"href":"https:\/\/www.rls-ingenieure.com\/index.php?rest_route=\/wp\/v2\/pages"}],"about":[{"href":"https:\/\/www.rls-ingenieure.com\/index.php?rest_route=\/wp\/v2\/types\/page"}],"author":[{"embeddable":true,"href":"https:\/\/www.rls-ingenieure.com\/index.php?rest_route=\/wp\/v2\/users\/1"}],"replies":[{"embeddable":true,"href":"https:\/\/www.rls-ingenieure.com\/index.php?rest_route=%2Fwp%2Fv2%2Fcomments&post=53"}],"version-history":[{"count":0,"href":"https:\/\/www.rls-ingenieure.com\/index.php?rest_route=\/wp\/v2\/pages\/53\/revisions"}],"wp:attachment":[{"href":"https:\/\/www.rls-ingenieure.com\/index.php?rest_route=%2Fwp%2Fv2%2Fmedia&parent=53"}],"curies":[{"name":"wp","href":"https:\/\/api.w.org\/{rel}","templated":true}]}}